{"id":219,"date":"2022-02-25T22:01:43","date_gmt":"2022-02-25T22:01:43","guid":{"rendered":"https:\/\/fdp-gundelfingen-donau.de\/?page_id=219"},"modified":"2022-04-24T11:16:48","modified_gmt":"2022-04-24T10:16:48","slug":"impressum","status":"publish","type":"page","link":"https:\/\/fdp-gundelfingen-donau.de\/index.php\/impressum\/","title":{"rendered":"Impressum"},"content":{"rendered":"\t\t<div data-elementor-type=\"wp-page\" data-elementor-id=\"219\" class=\"elementor elementor-219\">\n\t\t\t\t\t\t<section class=\"elementor-section elementor-top-section elementor-element elementor-element-16577a8 elementor-section-boxed elementor-section-height-default elementor-section-height-default\" data-id=\"16577a8\" data-element_type=\"section\">\n\t\t\t\t\t\t<div class=\"elementor-container elementor-column-gap-default\">\n\t\t\t\t\t<div class=\"elementor-column elementor-col-100 elementor-top-column elementor-element elementor-element-db2ab32\" data-id=\"db2ab32\" data-element_type=\"column\" data-settings=\"{&quot;background_background&quot;:&quot;classic&quot;}\">\n\t\t\t<div class=\"elementor-widget-wrap elementor-element-populated\">\n\t\t\t\t\t\t<div class=\"elementor-element elementor-element-a3679ed elementor-widget elementor-widget-text-editor\" data-id=\"a3679ed\" data-element_type=\"widget\" data-widget_type=\"text-editor.default\">\n\t\t\t\t<div class=\"elementor-widget-container\">\n\t\t\t\t\t\t\t\t\t<p>\n\t<font size=\"4\"><b>Impressum<\/b><\/font><br>\n\t<font size=\"2\">Angaben gem\u00e4\u00df \u00a75 TMG<\/font><br>\n\t<br>\n\tFDP Gundelfingen a. d. Donau<br>\n\tManfred J\u00fcttner<br>\n\tZur Hofmark 8<br>\n\t89423 Gundelfingen<br>\n<\/p>\n<p>\n\t<font size=\"3\"><b>Kontakt<\/b><\/font><br>\n\tTelefon: +49 (0)9073-2972<br>\n\tE-Mail: kontakt [@] fdp-gundelfingen-donau.de<br>\n\tInternet: www.fdp-gundelfingen-donau.de<br>\n<\/p>\n\n\n<div class=\"hyphens\" style=\"margin-top: 95px;\" align=\"justify\">\n\t<font size=\"3\"><b>Haftung f\u00fcr Inhalte<\/b><\/font><br>\n\tAls Diensteanbieter sind wir gem\u00e4\u00df 7 Abs.1 TMG f\u00fcr eigene Inhalte auf diesen Seiten nach den allgemeinen Gesetzen \n\tverantwortlich. Nach \u00a7\u00a7 8 bis 10 TMG sind wir als Diensteanbieter jedoch nicht verpflichtet, \u00fcbermittelte oder \n\tgespeicherte fremde Informationen zu \u00fcberwachen oder nach Umst\u00e4nden zu forschen, die auf eine rechtswidrige \n\tT\u00e4tigkeit hinweisen.<br>\n\t<br>\n\tVerpflichtungen zur Entfernung oder Sperrung der Nutzung von Informationen nach den allgemeinen Gesetzen bleiben \n\thiervon unber\u00fchrt. Eine diesbez\u00fcgliche Haftung ist jedoch erst ab dem Zeitpunkt der Kenntnis einer konkreten \n\tRechtsverletzung m\u00f6glich. Bei Bekanntwerden von entsprechenden Rechtsverletzungen werden wir diese Inhalte \n\tumgehend entfernen.\n<\/div>\n\n<div class=\"hyphens\" style=\"margin-top: 65px;\" align=\"justify\">\n\t<font size=\"3\"><b>Haftung f\u00fcr Links<\/b><\/font><br>\n\tUnser Angebot enth\u00e4lt Links zu externen Websites Dritter, auf deren Inhalte wir keinen Einfluss haben. \n\tDeshalb k\u00f6nnen wir f\u00fcr diese fremden Inhalte auch keine Gew\u00e4hr \u00fcbernehmen. F\u00fcr die Inhalte der verlinkten Seiten \n\tist stets der jeweilige Anbieter oder Betreiber der Seiten verantwortlich. Die verlinkten Seiten wurden zum \n\tZeitpunkt der Verlinkung auf m\u00f6gliche Rechtsverst\u00f6\u00dfe \u00fcberpr\u00fcft. Rechtswidrige Inhalte waren zum Zeitpunkt der \n\tVerlinkung nicht erkennbar.<br>\n\t<br>\n\tEine permanente inhaltliche Kontrolle der verlinkten Seiten ist jedoch ohne konkrete Anhaltspunkte einer \n\tRechtsverletzung nicht zumutbar. Bei Bekanntwerden von Rechtsverletzungen werden wir derartige Links umgehend \n\tentfernen.\n<\/div>\n\n<div class=\"hyphens\" style=\"margin-top: 65px;\" align=\"justify\">\n\t<font size=\"3\"><b>Urheberrecht<\/b><\/font><br>\n\tDie durch die Seitenbetreiber erstellten Inhalte und Werke auf diesen Seiten unterliegen dem deutschen Urheberrecht. \n\tDie Vervielf\u00e4ltigung, Bearbeitung, Verbreitung und jede Art der Verwertung au\u00dferhalb der Grenzen des \n\tUrheberrechtes bed\u00fcrfen der schriftlichen Zustimmung des jeweiligen Autors bzw. Erstellers. Downloads und Kopien \n\tdieser Seite sind nur f\u00fcr den privaten, nicht kommerziellen Gebrauch gestattet.<br>\n\t<br>\n\tSoweit die Inhalte auf dieser Seite nicht vom Betreiber erstellt wurden, werden die Urheberrechte Dritter beachtet. \n\tInsbesondere werden Inhalte Dritter als solche gekennzeichnet. Sollten Sie trotzdem auf eine Urheberrechtsverletzung \n\taufmerksam werden, bitten wir um einen entsprechenden Hinweis. Bei Bekanntwerden von Rechtsverletzungen werden wir \n\tderartige Inhalte umgehend entfernen.\n<\/div>\n\n<p style=\"margin-top: 65px\">\n\t<font size=\"1.25\">Quelle: <a href=\"https:\/\/www.e-recht24.de\">eRecht24<\/a><\/font>\n<\/p>\n\n\n\n\n\n\n\n\n\n\n\n\n\t\t\t\t\t\t\t\t<\/div>\n\t\t\t\t<\/div>\n\t\t\t\t\t<\/div>\n\t\t<\/div>\n\t\t\t\t\t<\/div>\n\t\t<\/section>\n\t\t\t\t<\/div>\n\t\t","protected":false},"excerpt":{"rendered":"<p>Impressum Angaben gem\u00e4\u00df \u00a75 TMG FDP Gundelfingen a. d. Donau Manfred J\u00fcttner Zur Hofmark 8 89423 Gundelfingen Kontakt Telefon: +49 (0)9073-2972 E-Mail: kontakt [@] fdp-gundelfingen-donau.de&hellip;<\/p>\n","protected":false},"author":12,"featured_media":0,"parent":0,"menu_order":0,"comment_status":"closed","ping_status":"closed","template":"","meta":{"footnotes":""},"_links":{"self":[{"href":"https:\/\/fdp-gundelfingen-donau.de\/index.php\/wp-json\/wp\/v2\/pages\/219"}],"collection":[{"href":"https:\/\/fdp-gundelfingen-donau.de\/index.php\/wp-json\/wp\/v2\/pages"}],"about":[{"href":"https:\/\/fdp-gundelfingen-donau.de\/index.php\/wp-json\/wp\/v2\/types\/page"}],"author":[{"embeddable":true,"href":"https:\/\/fdp-gundelfingen-donau.de\/index.php\/wp-json\/wp\/v2\/users\/12"}],"replies":[{"embeddable":true,"href":"https:\/\/fdp-gundelfingen-donau.de\/index.php\/wp-json\/wp\/v2\/comments?post=219"}],"version-history":[{"count":35,"href":"https:\/\/fdp-gundelfingen-donau.de\/index.php\/wp-json\/wp\/v2\/pages\/219\/revisions"}],"predecessor-version":[{"id":418,"href":"https:\/\/fdp-gundelfingen-donau.de\/index.php\/wp-json\/wp\/v2\/pages\/219\/revisions\/418"}],"wp:attachment":[{"href":"https:\/\/fdp-gundelfingen-donau.de\/index.php\/wp-json\/wp\/v2\/media?parent=219"}],"curies":[{"name":"wp","href":"https:\/\/api.w.org\/{rel}","templated":true}]}}