{"id":311,"date":"2022-03-05T19:24:59","date_gmt":"2022-03-05T19:24:59","guid":{"rendered":"https:\/\/fdp-gundelfingen-donau.de\/?page_id=311"},"modified":"2022-10-08T19:32:17","modified_gmt":"2022-10-08T18:32:17","slug":"datenschutz","status":"publish","type":"page","link":"https:\/\/fdp-gundelfingen-donau.de\/index.php\/datenschutz\/","title":{"rendered":"Datenschutz"},"content":{"rendered":"\t\t<div data-elementor-type=\"wp-page\" data-elementor-id=\"311\" class=\"elementor elementor-311\">\n\t\t\t\t\t\t<section class=\"elementor-section elementor-top-section elementor-element elementor-element-16577a8 elementor-section-boxed elementor-section-height-default elementor-section-height-default\" data-id=\"16577a8\" data-element_type=\"section\">\n\t\t\t\t\t\t<div class=\"elementor-container elementor-column-gap-default\">\n\t\t\t\t\t<div class=\"elementor-column elementor-col-100 elementor-top-column elementor-element elementor-element-db2ab32\" data-id=\"db2ab32\" data-element_type=\"column\" data-settings=\"{&quot;background_background&quot;:&quot;classic&quot;}\">\n\t\t\t<div class=\"elementor-widget-wrap elementor-element-populated\">\n\t\t\t\t\t\t<div class=\"elementor-element elementor-element-a3679ed elementor-widget elementor-widget-text-editor\" data-id=\"a3679ed\" data-element_type=\"widget\" data-widget_type=\"text-editor.default\">\n\t\t\t\t<div class=\"elementor-widget-container\">\n\t\t\t\t\t\t\t\t\t<p><span style=\"font-size: x-large;\"><b>Datenschutzerkl\u00e4rung<\/b><\/span><\/p><p>Verantwortlicher im Sinne der Datenschutzgesetze, insbesondere der EU-Datenschutzgrundverordnung (DSGVO), ist:<br \/>FPD Gundelfingen, Manfred J\u00fcttner, Zur Hofmark 8, 89423 Gundelfingen<\/p><div class=\"hyphens\" style=\"margin-top: 25px;\" align=\"justify\"><span style=\"font-size: large;\"><b>Ihre Betroffenenrechte<\/b><\/span><br \/>Unter den angegebenen Kontaktdaten unseres Datenschutzbeauftragten k\u00f6nnen Sie jederzeit folgende Rechte aus\u00fcben:<br \/><br \/><ul><li>Auskunft \u00fcber Ihre bei uns gespeicherten Daten und deren Verarbeitung (Art. 15 DSGVO),<\/li><li>Berichtigung unrichtiger personenbezogener Daten (Art. 16 DSGVO),<\/li><li>L\u00f6schung Ihrer bei uns gespeicherten Daten (Art. 17 DSGVO),<\/li><li>Einschr\u00e4nkung der Datenverarbeitung, sofern wir Ihre Daten aufgrund gesetzlicher Pflichten noch nicht l\u00f6schen d\u00fcrfen (Art. 18 DSGVO),<\/li><li>Widerspruch gegen die Verarbeitung Ihrer Daten bei uns (Art. 21 DSGVO) und<\/li><li>Daten\u00fcbertragbarkeit, sofern Sie in die Datenverarbeitung eingewilligt haben oder einen Vertrag mit uns abgeschlossen haben (Art. 20 DSGVO).<\/li><\/ul><p>Sofern Sie uns eine Einwilligung erteilt haben, k\u00f6nnen Sie diese jederzeit mit Wirkung f\u00fcr die Zukunft widerrufen.<br \/>Sie k\u00f6nnen sich jederzeit mit einer Beschwerde an eine Aufsichtsbeh\u00f6rde wenden, z. B. an die zust\u00e4ndige<br \/>Aufsichtsbeh\u00f6rde des Bundeslands Ihres Wohnsitzes oder an die f\u00fcr uns als verantwortliche Stelle zust\u00e4ndige Beh\u00f6rde.<br \/>Eine Liste der Aufsichtsbeh\u00f6rden (f\u00fcr den nicht\u00f6ffentlichen Bereich) mit Anschrift finden Sie unter:<br \/><a href=\"https:\/\/www.bfdi.bund.de\/DE\/Service\/Anschriften\/Laender\/Laender-node.html\" target=\"_blank\" rel=\"nofollow noopener\">https:\/\/www.bfdi.bund.de\/DE\/Service\/Anschriften\/Laender\/Laender-node.html<\/a>.<\/p><\/div><div class=\"hyphens\" style=\"margin-top: 65px;\" align=\"justify\"><span style=\"font-size: large;\"><b>Erfassung allgemeiner Informationen beim Besuch unserer Website<\/b><\/span><br \/><br \/><span style=\"font-size: medium;\"><b>Art und Zweck der Verarbeitung:<\/b><\/span><br \/>Wenn Sie auf unsere Website zugreifen, d.h., wenn Sie sich nicht registrieren oder anderweitig Informationen<br \/>\u00fcbermitteln, werden automatisch Informationen allgemeiner Natur erfasst. Diese Informationen (Server-Logfiles)<br \/>beinhalten etwa die Art des Webbrowsers, das verwendete Betriebssystem, den Domainnamen Ihres Internet-Service-Providers,<br \/>Ihre IP-Adresse und \u00e4hnliches. Sie werden insbesondere zu folgenden Zwecken verarbeitet:<br \/><br \/><ul><li>Sicherstellung eines problemlosen Verbindungsaufbaus der Website,<\/li><li>Sicherstellung einer reibungslosen Nutzung unserer Website,<\/li><li>Auswertung der Systemsicherheit und -stabilit\u00e4t sowie<\/li><li>zur Optimierung unserer Website.<\/li><\/ul><p>Wir verwenden Ihre Daten nicht, um R\u00fcckschl\u00fcsse auf Ihre Person zu ziehen. Informationen dieser Art werden von<br \/>uns ggfs. anonymisiert statistisch ausgewertet, um unseren Internetauftritt und die dahinterstehende Technik zu<br \/>optimieren.<br \/><br \/><br \/><span style=\"font-size: medium;\"><b>Rechtsgrundlage und berechtigtes Interesse:<\/b><\/span><br \/>Die Verarbeitung erfolgt gem\u00e4\u00df Art. 6 Abs. 1 lit. f DSGVO auf Basis unseres berechtigten Interesses an der<br \/>Verbesserung der Stabilit\u00e4t und Funktionalit\u00e4t unserer Website.<br \/><br \/><br \/><span style=\"font-size: medium;\"><b>Empf\u00e4nger:<\/b><\/span><br \/>Empf\u00e4nger der Daten sind ggf. technische Dienstleister, die f\u00fcr den Betrieb und die Wartung unserer Webseite<br \/>als Auftragsverarbeiter t\u00e4tig werden.<br \/><br \/><br \/><span style=\"font-size: medium;\"><b>Speicherdauer:<\/b><\/span><br \/>Die Daten werden gel\u00f6scht, sobald diese f\u00fcr den Zweck der Erhebung nicht mehr erforderlich sind. Dies ist f\u00fcr die<br \/>Daten, die der Bereitstellung der Website dienen, grunds\u00e4tzlich der Fall, wenn die jeweilige Sitzung beendet ist.<br \/><br \/><br \/><span style=\"font-size: medium;\"><b>Bereitstellung vorgeschrieben oder erforderlich:<\/b><\/span><br \/>Die Bereitstellung der vorgenannten personenbezogenen Daten ist weder gesetzlich noch vertraglich vorgeschrieben.<br \/>Ohne die IP-Adresse ist jedoch der Dienst und die Funktionsf\u00e4higkeit unserer Website nicht gew\u00e4hrleistet. Zudem k\u00f6nnen<br \/>einzelne Dienste und Services nicht verf\u00fcgbar oder eingeschr\u00e4nkt sein. Aus diesem Grund ist ein Widerspruch<br \/>ausgeschlossen.<\/p><\/div><div class=\"hyphens\" style=\"margin-top: 65px;\" align=\"justify\"><span style=\"font-size: large;\"><b>Cookies<\/b><\/span><br \/>Wie viele andere Webseiten verwenden wir auch so genannte \u201eCookies\u201c. Bei Cookies handelt es sich um kleine<br \/>Textdateien, die auf Ihrem Endger\u00e4t (Laptop, Tablet, Smartphone o.\u00e4.) gespeichert werden, wenn Sie unsere Webseite<br \/>besuchen. Sie k\u00f6nnen Sie einzelne Cookies oder den gesamten Cookie-Bestand l\u00f6schen. Dar\u00fcber hinaus erhalten Sie<br \/>Informationen und Anleitungen, wie diese Cookies gel\u00f6scht oder deren Speicherung vorab blockiert werden k\u00f6nnen. Je<br \/>nach Anbieter Ihres Browsers finden Sie die notwendigen Informationen unter den nachfolgenden Links:<br \/><br \/><ul><li>Mozilla Firefox: <a href=\"https:\/\/support.mozilla.org\/de\/kb\/cookies-loeschen-daten-von-websites-entfernen\" target=\"_blank\" rel=\"nofollow noopener\">https:\/\/support.mozilla.org\/de\/kb\/cookies-loeschen-daten-von-websites-entfernen<\/a><\/li><li>Internet Explorer: <a href=\"https:\/\/support.microsoft.com\/de-de\/help\/17442\/windows-internet-explorer-delete-manage-cookies\" target=\"_blank\" rel=\"nofollow noopener\">https:\/\/support.microsoft.com\/de-de\/help\/17442\/windows-internet-explorer-delete-manage-cookies<\/a><\/li><li>Google Chrome: <a href=\"https:\/\/support.google.com\/accounts\/answer\/61416?hl=de\" target=\"_blank\" rel=\"nofollow noopener\">https:\/\/support.google.com\/accounts\/answer\/61416?hl=de<\/a><\/li><li>Opera: <a href=\"http:\/\/www.opera.com\/de\/help\" target=\"_blank\" rel=\"nofollow noopener\">http:\/\/www.opera.com\/de\/help<\/a><\/li><li>Safari: <a href=\"https:\/\/support.apple.com\/kb\/PH17191?locale=de_DE&amp;viewlocale=de_DE\" target=\"_blank\" rel=\"nofollow noopener\">https:\/\/support.apple.com\/kb\/PH17191?locale=de_DE&amp;viewlocale=de_DE<\/a><\/li><\/ul><p><span style=\"font-size: medium;\"><b>Speicherdauer und eingesetzte Cookies:<\/b><\/span><br \/>Soweit Sie uns durch Ihre Browsereinstellungen oder Zustimmung die Verwendung von Cookies erlauben, k\u00f6nnen folgende<br \/>Cookies auf unseren Webseiten zum Einsatz kommen:<br \/><script id=\"CookieDeclaration\" src=\"https:\/\/consent.cookiebot.com\/dc538161-f4e8-424e-90f2-75fe852a36b5\/cd.js\" type=\"text\/javascript\" async><\/script><\/p><\/div><div class=\"hyphens\" style=\"margin-top: 65px;\" align=\"justify\"><span style=\"font-size: large;\"><b>Technisch notwendige Cookies<\/b><\/span><br \/><br \/><span style=\"font-size: medium;\"><b>Art und Zweck der Verarbeitung:<\/b><\/span><br \/>Wir setzen Cookies ein, um unsere Website nutzerfreundlicher zu gestalten. Einige Elemente unserer Internetseite<br \/>erfordern es, dass der aufrufende Browser auch nach einem Seitenwechsel identifiziert werden kann. Der Zweck der<br \/>Verwendung technisch notwendiger Cookies ist, die Nutzung von Websites f\u00fcr die Nutzer zu vereinfachen. Einige<br \/>Funktionen unserer Internetseite k\u00f6nnen ohne den Einsatz von Cookies nicht angeboten werden. F\u00fcr diese ist es<br \/>erforderlich, dass der Browser auch nach einem Seitenwechsel wiedererkannt wird.<br \/><br \/><br \/><p><span style=\"font-size: medium;\"><b>Rechtsgrundlage und berechtigtes Interesse:<\/b><\/span><br \/>Die Verarbeitung erfolgt gem\u00e4\u00df Art. 6 Abs. 1 lit. f DSGVO auf Basis unseres berechtigten Interesses an einer<br \/>nutzerfreundlichen Gestaltung unserer Website.<br \/><br \/><br \/><span style=\"font-size: medium;\"><b>Empf\u00e4nger:<\/b><\/span><br \/>Empf\u00e4nger der Daten sind ggf. technische Dienstleister, die f\u00fcr den Betrieb und die Wartung unserer Website als<br \/>Auftragsverarbeiter t\u00e4tig werden.<br \/><br \/><br \/><span style=\"font-size: medium;\"><b>Bereitstellung vorgeschrieben oder erforderlich:<\/b><\/span><br \/>Die Bereitstellung der vorgenannten personenbezogenen Daten ist weder gesetzlich noch vertraglich vorgeschrieben.<br \/>Ohne diese Daten ist jedoch der Dienst und die Funktionsf\u00e4higkeit unserer Website nicht gew\u00e4hrleistet. Zudem k\u00f6nnen<br \/>einzelne Dienste und Services nicht verf\u00fcgbar oder eingeschr\u00e4nkt sein.<br \/><br \/><br \/><span style=\"font-size: medium;\"><b>Widerspruch<\/b><\/span><br \/>Lesen Sie dazu die Informationen \u00fcber Ihr Widerspruchsrecht nach Art. 21 DSGVO weiter unten.<\/p><\/div><div class=\"hyphens\" style=\"margin-top: 65px;\" align=\"justify\"><p><span style=\"font-size: large;\"><b>Technisch nicht notwendige Cookies<\/b><\/span><\/p><p>Des Weiteren setzen wir Cookies ein, um das Angebot auf unserer Website besser auf die Interessen unserer Besucher<br \/>abzustimmen oder auf Basis statistischer Auswertungen allgemein zu verbessern. Welche Anbieter Cookies setzen,<br \/>entnehmen Sie bitte den unten aufgef\u00fchrten Informationen zu den eingesetzten Darstellungs-, Tracking-, Remarketing-<br \/>und Webanalyse-Technologien.<br \/><br \/><br \/><span style=\"font-size: medium;\"><b>Rechtsgrundlage:<\/b><\/span><br \/>Rechtsgrundlage f\u00fcr diese Verarbeitungen ist jeweils Ihre Einwilligung, Art. 6 Abs. 1 lit. a DSGVO.<br \/><br \/><br \/><span style=\"font-size: medium;\"><b>Empf\u00e4nger:<\/b><\/span><br \/>Empf\u00e4nger der Daten sind ggf. technische Dienstleister, die f\u00fcr den Betrieb und die Wartung unserer Website als<br \/>Auftragsverarbeiter t\u00e4tig werden. Weitere Empf\u00e4nger entnehmen Sie bitte den unten aufgef\u00fchrten Informationen zu<br \/>den eingesetzten Darstellungs-, Tracking-, Remarketing- und Webanalyse-Technologien.<br \/><br \/><br \/><span style=\"font-size: medium;\"><b>Drittlandtransfer:<\/b><\/span><br \/>Informationen hierzu entnehmen Sie bitte aus den Auflistungen der einzelnen Darstellungs-, Tracking-, Remarketing-<br \/>und Webanalyse-Anbietern.<br \/><br \/><br \/><span style=\"font-size: medium;\"><b>Bereitstellung vorgeschrieben oder erforderlich:<\/b><\/span><br \/>Nat\u00fcrlich k\u00f6nnen Sie unsere Website grunds\u00e4tzlich auch ohne Cookies betrachten. Webbrowser sind regelm\u00e4\u00dfig so<br \/>eingestellt, dass sie Cookies akzeptieren. Im Allgemeinen k\u00f6nnen Sie die Verwendung von Cookies jederzeit \u00fcber<br \/>die Einstellungen Ihres Browsers deaktivieren (siehe Widerruf der Einwilligung). Bitte beachten Sie, dass<br \/>einzelne Funktionen unserer Website m\u00f6glicherweise nicht funktionieren, wenn Sie die Verwendung von Cookies<br \/>deaktiviert haben.<br \/><br \/><br \/><span style=\"font-size: medium;\"><b>Widerruf der Einwilligung:<\/b><\/span><br \/>Sie k\u00f6nnen Ihre Einwilligung jederzeit \u00fcber unser Cookie-Consent-Tool widerrufen.<br \/><br \/><br \/><span style=\"font-size: medium;\"><b>Profiling:<\/b><\/span><br \/>Inwiefern wir das Verhalten von Websitebesuchern mit pseudonymisierten Nutzerprofilen analysieren, entnehmen Sie<br \/>bitte den unten aufgef\u00fchrten Informationen zu den eingesetzten Darstellungs-, Tracking-, Remarketing- und<br \/>Webanalyse-Technologien.<\/p><\/div><div class=\"hyphens\" style=\"margin-top: 65px;\" align=\"justify\"><p><span style=\"font-size: large;\"><b>Verwendung von Scriptbibliotheken (Google Webfonts)<\/b><\/span><\/p><p>Um unsere Inhalte browser\u00fcbergreifend korrekt und grafisch ansprechend darzustellen,<br \/>verwenden wir auf dieser Website \u201eGoogle Web Fonts\u201c der Google LLC (1600 Amphitheatre<br \/>Parkway, Mountain View, CA 94043, USA; nachfolgend \u201eGoogle\u201c) zur Darstellung von Schriften.<br \/><br \/>Weitere Informationen zu Google Web Fonts finden Sie unter <a href=\"https:\/\/developers.google.com\/fonts\/faq\" target=\"_blank\" rel=\"noopener\"><br \/>https:\/\/developers.google.com\/fonts\/faq<\/a> und in der Datenschutzerkl\u00e4rung von Google: <a href=\"https:\/\/www.google.com\/policies\/privacy\/\" target=\"_blank\" rel=\"noopener\"><br \/>https:\/\/www.google.com\/policies\/privacy\/<\/a>.<\/p><\/div><div class=\"hyphens\" style=\"margin-top: 65px;\" align=\"justify\"><p><span style=\"font-size: large;\"><b>Verwendung von Google Maps<\/b><\/span><\/p><p>Auf dieser Website nutzen wir das Angebot von Google Maps. Google Maps wird von Google LLC, 1600 Amphitheatre<br \/>Parkway, Mountain View, CA 94043, USA (nachfolgend \u201eGoogle\u201c) betrieben. Dadurch k\u00f6nnen wir Ihnen interaktive<br \/>Karten direkt in der Webseite anzeigen und erm\u00f6glichen Ihnen die komfortable Nutzung der Karten-Funktion.<br \/>N\u00e4here Informationen \u00fcber die Datenverarbeitung durch Google k\u00f6nnen Sie den Google-Datenschutzhinweisen entnehmen:<br \/><a href=\"https:\/\/policies.google.com\/privacy\" target=\"_blank\" rel=\"noopener\">https:\/\/policies.google.com\/privacy<\/a>. Dort k\u00f6nnen<br \/>Sie im Datenschutzcenter auch Ihre pers\u00f6nlichen Datenschutz-Einstellungen ver\u00e4ndern.<br \/><br \/>Ausf\u00fchrliche Anleitungen zur Verwaltung der eigenen Daten im Zusammenhang mit Google-Produkten finden Sie hier:<br \/><a href=\"https:\/\/www.dataliberation.org\" target=\"_blank\" rel=\"noopener\">https:\/\/www.dataliberation.org<\/a>.<br \/><br \/>Durch den Besuch der Website erh\u00e4lt Google Informationen, dass Sie die entsprechende Unterseite unserer Webseite<br \/>aufgerufen haben. Dies erfolgt unabh\u00e4ngig davon, ob Google ein Nutzerkonto bereitstellt, \u00fcber das Sie eingeloggt<br \/>sind, oder ob keine Nutzerkonto besteht. Wenn Sie bei Google eingeloggt sind, werden Ihre Daten direkt Ihrem Konto<br \/>zugeordnet. Wenn Sie die Zuordnung in Ihrem Profil bei Google nicht w\u00fcnschen, m\u00fcssen Sie sich vor Aktivierung des<br \/>Buttons bei Google ausloggen. Google speichert Ihre Daten als Nutzungsprofile und nutzt sie f\u00fcr Zwecke der Werbung,<br \/>Marktforschung und\/oder bedarfsgerechter Gestaltung seiner Websites. Eine solche Auswertung erfolgt insbesondere<br \/>(selbst f\u00fcr nicht eingeloggte Nutzer) zur Erbringung bedarfsgerechter Werbung und um andere Nutzer des sozialen<br \/>Netzwerks \u00fcber Ihre Aktivit\u00e4ten auf unserer Website zu informieren. Ihnen steht ein Widerspruchsrecht zu gegen<br \/>die Bildung dieser Nutzerprofile, wobei Sie sich zur Aus\u00fcbung dessen an Google richten m\u00fcssen.<br \/><br \/><br \/><span style=\"font-size: medium;\"><b>Widerruf der Einwilligung:<\/b><\/span><br \/>Vom Anbieter wird derzeit keine M\u00f6glichkeit f\u00fcr einen einfachen Opt-out oder ein Blockieren der Daten\u00fcbertragung<br \/>angeboten. Wenn Sie eine Nachverfolgung Ihrer Aktivit\u00e4ten auf unserer Website verhindern wollen, widerrufen Sie<br \/>bitte im Cookie-Consent-Tool Ihre Einwilligung f\u00fcr die entsprechende Cookie-Kategorie oder alle technisch nicht<br \/>notwendigen Cookies und Daten\u00fcbertragungen. In diesem Fall k\u00f6nnen Sie unsere Website jedoch ggfs. nicht oder nur<br \/>eingeschr\u00e4nkt nutzen.<\/p><\/div><div class=\"hyphens\" style=\"margin-top: 65px;\" align=\"justify\"><p><span style=\"font-size: large;\"><b>SSL-Verschl\u00fcsselung<\/b><\/span><\/p><p>Um die Sicherheit Ihrer Daten bei der \u00dcbertragung zu sch\u00fctzen, verwenden wir dem aktuellen Stand der Technik<br \/>entsprechende Verschl\u00fcsselungsverfahren (z. B. SSL) \u00fcber HTTPS.<\/p><\/div><div class=\"hyphens\" style=\"margin-top: 65px;\" align=\"justify\"><p><span style=\"font-size: large;\"><b>Information \u00fcber Ihr Widerspruchsrecht nach Art. 21 DSGVO<\/b><\/span><\/p><p><span style=\"font-size: medium;\"><b>Einzelfallbezogenes Widerspruchsrecht<\/b><\/span><br \/>Sie haben das Recht, aus Gr\u00fcnden, die sich aus Ihrer besonderen Situation ergeben, jederzeit gegen die Verarbeitung<br \/>Sie betreffender personenbezogener Daten, die aufgrund Art. 6 Abs. 1 lit. f DSGVO (Datenverarbeitung auf der Grundlage<br \/>einer Interessenabw\u00e4gung) erfolgt, Widerspruch einzulegen; dies gilt auch f\u00fcr ein auf diese Bestimmung gest\u00fctztes<br \/>Profiling im Sinne von Art. 4 Nr. 4 DSGVO. Legen Sie Widerspruch ein, werden wir Ihre personenbezogenen Daten nicht<br \/>mehr verarbeiten, es sei denn, wir k\u00f6nnen zwingende schutzw\u00fcrdige Gr\u00fcnde f\u00fcr die Verarbeitung nachweisen, die Ihre<br \/>Interessen, Rechte und Freiheiten \u00fcberwiegen, oder die Verarbeitung dient der Geltendmachung, Aus\u00fcbung oder<br \/>Verteidigung von Rechtsanspr\u00fcchen.<br \/><br \/><br \/><span style=\"font-size: medium;\"><b>Empf\u00e4nger eines Widerspruchs<\/b><\/span><br \/>FDP Gundelfingen, Manfred J\u00fcttner, Zur Hofmark 8, 89423 Gundelfingen, eMail: kontakt [@] fdp-gundelfingen-donau.de<\/p><\/div><div class=\"hyphens\" style=\"margin-top: 65px;\" align=\"justify\"><p><span style=\"font-size: large;\"><b>\u00c4nderung unserer Datenschutzbestimmungen<\/b><\/span><\/p><p>Wir behalten uns vor, diese Datenschutzerkl\u00e4rung anzupassen, damit sie stets den aktuellen rechtlichen Anforderungen<br \/>entspricht oder um \u00c4nderungen unserer Leistungen in der Datenschutzerkl\u00e4rung umzusetzen, z.B. bei der Einf\u00fchrung neuer<br \/>Services. F\u00fcr Ihren erneuten Besuch gilt dann die neue Datenschutzerkl\u00e4rung.<\/p><\/div><div class=\"hyphens\" style=\"margin-top: 65px;\" align=\"justify\"><p><span style=\"font-size: large;\"><b>Fragen an den Datenschutzbeauftragten<\/b><\/span><\/p><p>Wenn Sie Fragen zum Datenschutz haben, schreiben Sie uns bitte eine E-Mail oder wenden Sie sich direkt an die f\u00fcr<br \/>den Datenschutz verantwortliche Person in unserer Organisation: FDP Gundelfingen, Manfred J\u00fcttner, Zur Hofmark 8,<br \/>89423 Gundelfingen, eMail: kontakt [@] fdp-gundelfingen-donau.de<br \/><br \/><br \/><br \/><\/p><p><em><span style=\"font-size: xx-small;\">Die Datenschutzerkl\u00e4rung wurde mithilfe der activeMind AG erstellt, den Experten f\u00fcr<br \/><a href=\"https:\/\/www.activemind.de\/datenschutz\/datenschutzbeauftragter\/\" target=\"_blank\" rel=\"noopener\"><br \/>externe Datenschutzbeauftragte<\/a> (Version #2020-09-30).<\/span><\/em><\/p><\/div>\t\t\t\t\t\t\t\t<\/div>\n\t\t\t\t<\/div>\n\t\t\t\t\t<\/div>\n\t\t<\/div>\n\t\t\t\t\t<\/div>\n\t\t<\/section>\n\t\t\t\t<\/div>\n\t\t","protected":false},"excerpt":{"rendered":"<p>Datenschutzerkl\u00e4rung Verantwortlicher im Sinne der Datenschutzgesetze, insbesondere der EU-Datenschutzgrundverordnung (DSGVO), ist:FPD Gundelfingen, Manfred J\u00fcttner, Zur Hofmark 8, 89423 Gundelfingen Ihre BetroffenenrechteUnter den angegebenen Kontaktdaten unseres&hellip;<\/p>\n","protected":false},"author":12,"featured_media":0,"parent":0,"menu_order":0,"comment_status":"closed","ping_status":"closed","template":"","meta":{"footnotes":""},"_links":{"self":[{"href":"https:\/\/fdp-gundelfingen-donau.de\/index.php\/wp-json\/wp\/v2\/pages\/311"}],"collection":[{"href":"https:\/\/fdp-gundelfingen-donau.de\/index.php\/wp-json\/wp\/v2\/pages"}],"about":[{"href":"https:\/\/fdp-gundelfingen-donau.de\/index.php\/wp-json\/wp\/v2\/types\/page"}],"author":[{"embeddable":true,"href":"https:\/\/fdp-gundelfingen-donau.de\/index.php\/wp-json\/wp\/v2\/users\/12"}],"replies":[{"embeddable":true,"href":"https:\/\/fdp-gundelfingen-donau.de\/index.php\/wp-json\/wp\/v2\/comments?post=311"}],"version-history":[{"count":13,"href":"https:\/\/fdp-gundelfingen-donau.de\/index.php\/wp-json\/wp\/v2\/pages\/311\/revisions"}],"predecessor-version":[{"id":442,"href":"https:\/\/fdp-gundelfingen-donau.de\/index.php\/wp-json\/wp\/v2\/pages\/311\/revisions\/442"}],"wp:attachment":[{"href":"https:\/\/fdp-gundelfingen-donau.de\/index.php\/wp-json\/wp\/v2\/media?parent=311"}],"curies":[{"name":"wp","href":"https:\/\/api.w.org\/{rel}","templated":true}]}}