{"id":419,"date":"2022-04-24T11:17:25","date_gmt":"2022-04-24T10:17:25","guid":{"rendered":"https:\/\/fdp-gundelfingen-donau.de\/?page_id=419"},"modified":"2022-10-23T19:21:51","modified_gmt":"2022-10-23T18:21:51","slug":"presse","status":"publish","type":"page","link":"https:\/\/fdp-gundelfingen-donau.de\/index.php\/presse\/","title":{"rendered":"Presse"},"content":{"rendered":"\t\t<div data-elementor-type=\"wp-page\" data-elementor-id=\"419\" class=\"elementor elementor-419\">\n\t\t\t\t\t\t<section class=\"elementor-section elementor-top-section elementor-element elementor-element-16577a8 elementor-section-boxed elementor-section-height-default elementor-section-height-default\" data-id=\"16577a8\" data-element_type=\"section\">\n\t\t\t\t\t\t<div class=\"elementor-container elementor-column-gap-default\">\n\t\t\t\t\t<div class=\"elementor-column elementor-col-100 elementor-top-column elementor-element elementor-element-db2ab32\" data-id=\"db2ab32\" data-element_type=\"column\" data-settings=\"{&quot;background_background&quot;:&quot;classic&quot;}\">\n\t\t\t<div class=\"elementor-widget-wrap elementor-element-populated\">\n\t\t\t\t\t\t<div class=\"elementor-element elementor-element-e1460fa elementor-widget elementor-widget-heading\" data-id=\"e1460fa\" data-element_type=\"widget\" data-widget_type=\"heading.default\">\n\t\t\t\t<div class=\"elementor-widget-container\">\n\t\t\t\t\t<h3 class=\"elementor-heading-title elementor-size-default\">Ortsverband FDP Gundelfingen feiert 15-j\u00e4hriges Jubil\u00e4um<\/h3>\t\t\t\t<\/div>\n\t\t\t\t<\/div>\n\t\t\t\t<div class=\"elementor-element elementor-element-d50bbe9 elementor-widget elementor-widget-text-editor\" data-id=\"d50bbe9\" data-element_type=\"widget\" data-widget_type=\"text-editor.default\">\n\t\t\t\t<div class=\"elementor-widget-container\">\n\t\t\t\t\t\t\t\t\t<p><i><strong>Landesvorsitzender Martin Hagen fordert wegen Energiekrise AKW-Laufzeiten \u00fcber 2023 hinaus \u2013 Schw\u00e4bische Liberale feierten Jubil\u00e4um des Gundelfinger Ortsvereins<\/strong><\/i><\/p><p>\u201eWir sollten auf jeden Fall pr\u00fcfen, ob das AKW Gundremmingen wieder ans Netz gehen kann.\u201c Das betonte der FDP-Landesvorsitzende Martin Hagen am Samstag im Interview mit unserer Redaktion in Gundelfingen. Seiner Meinung nach sollten ohnehin dort, wo es m\u00f6glich ist, alle Kapazit\u00e4ten, die zur Verf\u00fcgung stehen, in Betrieb genommen werden \u201eauch \u00fcber 2023 hinaus\u201c. Das gelte f\u00fcr alle Atomkraftwerke, die 2021 vom Netz gegangen seien. Denn \u201eauch der n\u00e4chste Winter wird hart\u201c, ist der Chef der bayerischen FDP \u00fcberzeugt.<\/p><p><b><i>&#8222;Das ist nichts, was sich nicht innerhalb einiger Monate l\u00f6sen k\u00f6nnte&#8220;<\/i><\/b><\/p><p>Gegen den Weiterbetrieb des AKW Gundremmingen spr\u00e4chen zwar momentan einige technische Aspekte. \u201eDas ist aber nichts, was sich nicht innerhalb einiger Monate l\u00f6sen lie\u00dfe\u201c, betont Hagen. Denn Deutschland werde auch n\u00e4chstes Jahr kein Gas mehr aus Russland beziehen. Deshalb m\u00fcsse man jetzt alle Register ziehen, um eine sichere und bezahlbare Energieversorgung zu gew\u00e4hrleisten. \u201eDazu geh\u00f6rt nat\u00fcrlich auch, dass wir die Kernkraftwerke l\u00e4nger am Netz lassen.\u201c F\u00fcr eine Grundsatzdiskussion zum Atomausstieg seien Krisenzeiten wie diese der falsche Zeitpunkt. Dies betonte der bayerische FDP-Parteichef und er\u00f6ffnete damit auch den Wahlkampf, zumindest bei der schw\u00e4bischen FDP.<\/p><p>Sie war mit einem Gro\u00dfaufgebot an Politprominenz am Samstag in Gundelfingen anger\u00fcckt. Der willkommene Anlass: Die FDP Gundelfingen feierte ihr 15-j\u00e4hriges Bestehen. Der eigentliche Hintergrund f\u00fcr die geballten Jubil\u00e4umsgr\u00fc\u00dfe, die auf den ersten Blick dem Ortsverein und dessen \u201eGr\u00fcndungsvater\u201c Walter Lohner, galten: in rund einem halben Jahr sind B\u00fcrgermeisterwahlen in der G\u00e4rtnerstadt. Und in rund einem Jahr sind die Wahlen f\u00fcr den Bayerischen Landtag und die Bezirkstage. Parteivorsitzender Martin Hagen und Bezirksvorsitzender Stephan Thomae machten deshalb in der Sonne in Echenbrunn deutlich: \u201eWir wollen k\u00fcnftig in Bayern mitregieren.\u201c Doch die FDP-Granden blickten dabei nicht nur auf die Landesebene. Mehr Verantwortung will man auch in den Bezirkstagen \u00fcbernehmen.<\/p><p>Nicht zuletzt soll auch auf kommunaler Ebene mehr FDP gewagt werden. Gerade deshalb ist f\u00fcr die Parteioberen Miriam Gru\u00df eine Vorzeigeb\u00fcrgermeisterin, eine der wenigen FDP-Rathauschefinnen in Bayern. Das soll auch nach den Wahlen in Gundelfingen in rund f\u00fcnf Monaten so bleiben. \u201eWir wollen, dass sie wiedergew\u00e4hlt wird\u201c, betont Martin Hagen im Gespr\u00e4ch. Miriam Gru\u00df zog denn auch eine positive und optimistische Bilanz ihrer bisherigen T\u00e4tigkeit als Gundelfinger Stadtoberhaupt, bevor sie die Jubil\u00e4umsfeier kurz verlie\u00df, um beim Historischen B\u00fcrgerverein den neuen Landrat \u201ezum Ritter zu schlagen\u201c. Gru\u00df hatte in ihrer Rede darauf hingewiesen, dass Gundelfingen f\u00fcr B\u00fcrgern\u00e4he, Wirtschaftskraft und ein umfassendes Vereins- und Freizeitangebot stehe. Walter Lohner sei der Gr\u00fcndungsvater, Lenker und Mittelpunkt des FDP-Ortsverbandes. \u201eDiesem Ortsverband w\u00fcrde es ohne Dich so nicht geben\u201c, honorierte Miriam Gru\u00df dessen langj\u00e4hriges Wirken.<\/p><p>Ehrenvorsitzender Walter Lohner erinnerte an die Gr\u00fcndungstage des Ortsvereins und lie\u00df die vergangenen 15 Jahre Revue passieren. Er dankte allen Beteiligten und auch dem neuen Ortsvorsitzenden Manfred J\u00fcttner. Bezirksrat Alois J\u00e4ger lobte das Engagement von Lohner und Lauingens Alt-B\u00fcrgermeister Georg Barfu\u00df zur damaligen Gr\u00fcndung des Ortsvereins. Die FDP habe im Landkreis inzwischen \u201epolitischen Erfolg\u201c und sei auf zahlreichen kommunalen Ebenen, von Gemeinde- und Stadtr\u00e4ten \u00fcber Kreisr\u00e4te bis hin zum Bezirk mit Mandatstr\u00e4gern vertreten. Und eben auch mit einer B\u00fcrgermeisterin. Bundestagsabgeordneter Stephan Thomae w\u00fcrdigte den Gundelfinger Ortsverein als \u201eHochburg der FDP in Schwaben\u201c. Er erinnerte an das \u201eAuf und Ab\u201c der FDP in den vergangenen 15 Jahren, doch aus dem Tal der Tr\u00e4nen sei man inzwischen wieder heraus. Thomae betonte mit Blick auf Covid: \u201eOhne uns g\u00e4be es wieder Lockdowns\u201c und forderte die Mitglieder auf, beim Wahlkampf 2023 \u201eEisbrecher in Bayern\u201c zu sein. Denn die Liberalen wollen im n\u00e4chsten Jahr nicht nur wieder in den Landtag einziehen, sondern auch \u201em\u00f6glichst Regierungsverantwortung \u00fcbernehmen\u201c, wie Hagen und Thomae unisono erkl\u00e4rten.<\/p><h6>Quelle: <a href=\"https:\/\/www.augsburger-allgemeine.de\/dillingen\/fdp-landeschef-pruefen-ob-gundremmingen-wieder-ans-netz-gehen-kann-id64263941.html\" target=\"_blank\" rel=\"noopener\">Augsburger Allgemeine<\/a><\/h6>\t\t\t\t\t\t\t\t<\/div>\n\t\t\t\t<\/div>\n\t\t\t\t<div class=\"elementor-element elementor-element-5d503ef gallery-spacing-custom elementor-widget elementor-widget-image-gallery\" data-id=\"5d503ef\" data-element_type=\"widget\" data-widget_type=\"image-gallery.default\">\n\t\t\t\t<div class=\"elementor-widget-container\">\n\t\t\t\t\t\t\t<div class=\"elementor-image-gallery\">\n\t\t\t<div id='gallery-1' class='gallery galleryid-419 gallery-columns-6 gallery-size-thumbnail'><figure class='gallery-item'>\n\t\t\t<div class='gallery-icon portrait'>\n\t\t\t\t<a data-elementor-open-lightbox=\"yes\" data-elementor-lightbox-slideshow=\"5d503ef\" data-elementor-lightbox-title=\"IMG_9119\" data-e-action-hash=\"#elementor-action%3Aaction%3Dlightbox%26settings%3DeyJpZCI6NDU3LCJ1cmwiOiJodHRwczpcL1wvZmRwLWd1bmRlbGZpbmdlbi1kb25hdS5kZVwvd3AtY29udGVudFwvdXBsb2Fkc1wvMjAyMlwvMTBcL0lNR185MTE5LmpwZyIsInNsaWRlc2hvdyI6IjVkNTAzZWYifQ%3D%3D\" href='https:\/\/fdp-gundelfingen-donau.de\/wp-content\/uploads\/2022\/10\/IMG_9119.jpg'><img decoding=\"async\" width=\"150\" height=\"150\" src=\"https:\/\/fdp-gundelfingen-donau.de\/wp-content\/uploads\/2022\/10\/IMG_9119-150x150.jpg\" class=\"attachment-thumbnail size-thumbnail\" alt=\"\" \/><\/a>\n\t\t\t<\/div><\/figure><figure class='gallery-item'>\n\t\t\t<div class='gallery-icon portrait'>\n\t\t\t\t<a data-elementor-open-lightbox=\"yes\" data-elementor-lightbox-slideshow=\"5d503ef\" data-elementor-lightbox-title=\"IMG_9108\" data-e-action-hash=\"#elementor-action%3Aaction%3Dlightbox%26settings%3DeyJpZCI6NDU1LCJ1cmwiOiJodHRwczpcL1wvZmRwLWd1bmRlbGZpbmdlbi1kb25hdS5kZVwvd3AtY29udGVudFwvdXBsb2Fkc1wvMjAyMlwvMTBcL0lNR185MTA4LmpwZyIsInNsaWRlc2hvdyI6IjVkNTAzZWYifQ%3D%3D\" href='https:\/\/fdp-gundelfingen-donau.de\/wp-content\/uploads\/2022\/10\/IMG_9108.jpg'><img decoding=\"async\" width=\"150\" height=\"150\" src=\"https:\/\/fdp-gundelfingen-donau.de\/wp-content\/uploads\/2022\/10\/IMG_9108-150x150.jpg\" class=\"attachment-thumbnail size-thumbnail\" alt=\"\" \/><\/a>\n\t\t\t<\/div><\/figure><figure class='gallery-item'>\n\t\t\t<div class='gallery-icon landscape'>\n\t\t\t\t<a data-elementor-open-lightbox=\"yes\" data-elementor-lightbox-slideshow=\"5d503ef\" data-elementor-lightbox-title=\"IMG_9133\" data-e-action-hash=\"#elementor-action%3Aaction%3Dlightbox%26settings%3DeyJpZCI6NDYwLCJ1cmwiOiJodHRwczpcL1wvZmRwLWd1bmRlbGZpbmdlbi1kb25hdS5kZVwvd3AtY29udGVudFwvdXBsb2Fkc1wvMjAyMlwvMTBcL0lNR185MTMzLmpwZyIsInNsaWRlc2hvdyI6IjVkNTAzZWYifQ%3D%3D\" href='https:\/\/fdp-gundelfingen-donau.de\/wp-content\/uploads\/2022\/10\/IMG_9133.jpg'><img decoding=\"async\" width=\"150\" height=\"150\" src=\"https:\/\/fdp-gundelfingen-donau.de\/wp-content\/uploads\/2022\/10\/IMG_9133-150x150.jpg\" class=\"attachment-thumbnail size-thumbnail\" alt=\"\" \/><\/a>\n\t\t\t<\/div><\/figure><figure class='gallery-item'>\n\t\t\t<div class='gallery-icon portrait'>\n\t\t\t\t<a data-elementor-open-lightbox=\"yes\" data-elementor-lightbox-slideshow=\"5d503ef\" data-elementor-lightbox-title=\"IMG_9236\" data-e-action-hash=\"#elementor-action%3Aaction%3Dlightbox%26settings%3DeyJpZCI6NDUxLCJ1cmwiOiJodHRwczpcL1wvZmRwLWd1bmRlbGZpbmdlbi1kb25hdS5kZVwvd3AtY29udGVudFwvdXBsb2Fkc1wvMjAyMlwvMTBcL0lNR185MjM2LmpwZyIsInNsaWRlc2hvdyI6IjVkNTAzZWYifQ%3D%3D\" href='https:\/\/fdp-gundelfingen-donau.de\/wp-content\/uploads\/2022\/10\/IMG_9236.jpg'><img loading=\"lazy\" decoding=\"async\" width=\"150\" height=\"150\" src=\"https:\/\/fdp-gundelfingen-donau.de\/wp-content\/uploads\/2022\/10\/IMG_9236-150x150.jpg\" class=\"attachment-thumbnail size-thumbnail\" alt=\"\" \/><\/a>\n\t\t\t<\/div><\/figure><figure class='gallery-item'>\n\t\t\t<div class='gallery-icon landscape'>\n\t\t\t\t<a data-elementor-open-lightbox=\"yes\" data-elementor-lightbox-slideshow=\"5d503ef\" data-elementor-lightbox-title=\"IMG_9110\" data-e-action-hash=\"#elementor-action%3Aaction%3Dlightbox%26settings%3DeyJpZCI6NDU2LCJ1cmwiOiJodHRwczpcL1wvZmRwLWd1bmRlbGZpbmdlbi1kb25hdS5kZVwvd3AtY29udGVudFwvdXBsb2Fkc1wvMjAyMlwvMTBcL0lNR185MTEwLmpwZyIsInNsaWRlc2hvdyI6IjVkNTAzZWYifQ%3D%3D\" href='https:\/\/fdp-gundelfingen-donau.de\/wp-content\/uploads\/2022\/10\/IMG_9110.jpg'><img loading=\"lazy\" decoding=\"async\" width=\"150\" height=\"150\" src=\"https:\/\/fdp-gundelfingen-donau.de\/wp-content\/uploads\/2022\/10\/IMG_9110-150x150.jpg\" class=\"attachment-thumbnail size-thumbnail\" alt=\"\" \/><\/a>\n\t\t\t<\/div><\/figure><figure class='gallery-item'>\n\t\t\t<div class='gallery-icon landscape'>\n\t\t\t\t<a data-elementor-open-lightbox=\"yes\" data-elementor-lightbox-slideshow=\"5d503ef\" data-elementor-lightbox-title=\"IMG_9114\" data-e-action-hash=\"#elementor-action%3Aaction%3Dlightbox%26settings%3DeyJpZCI6NDYxLCJ1cmwiOiJodHRwczpcL1wvZmRwLWd1bmRlbGZpbmdlbi1kb25hdS5kZVwvd3AtY29udGVudFwvdXBsb2Fkc1wvMjAyMlwvMTBcL0lNR185MTE0LmpwZyIsInNsaWRlc2hvdyI6IjVkNTAzZWYifQ%3D%3D\" href='https:\/\/fdp-gundelfingen-donau.de\/wp-content\/uploads\/2022\/10\/IMG_9114.jpg'><img loading=\"lazy\" decoding=\"async\" width=\"150\" height=\"150\" src=\"https:\/\/fdp-gundelfingen-donau.de\/wp-content\/uploads\/2022\/10\/IMG_9114-150x150.jpg\" class=\"attachment-thumbnail size-thumbnail\" alt=\"\" \/><\/a>\n\t\t\t<\/div><\/figure><figure class='gallery-item'>\n\t\t\t<div class='gallery-icon portrait'>\n\t\t\t\t<a data-elementor-open-lightbox=\"yes\" data-elementor-lightbox-slideshow=\"5d503ef\" data-elementor-lightbox-title=\"IMG_9285\" data-e-action-hash=\"#elementor-action%3Aaction%3Dlightbox%26settings%3DeyJpZCI6NDYyLCJ1cmwiOiJodHRwczpcL1wvZmRwLWd1bmRlbGZpbmdlbi1kb25hdS5kZVwvd3AtY29udGVudFwvdXBsb2Fkc1wvMjAyMlwvMTBcL0lNR185Mjg1LmpwZyIsInNsaWRlc2hvdyI6IjVkNTAzZWYifQ%3D%3D\" href='https:\/\/fdp-gundelfingen-donau.de\/wp-content\/uploads\/2022\/10\/IMG_9285.jpg'><img loading=\"lazy\" decoding=\"async\" width=\"150\" height=\"150\" src=\"https:\/\/fdp-gundelfingen-donau.de\/wp-content\/uploads\/2022\/10\/IMG_9285-150x150.jpg\" class=\"attachment-thumbnail size-thumbnail\" alt=\"\" \/><\/a>\n\t\t\t<\/div><\/figure><figure class='gallery-item'>\n\t\t\t<div class='gallery-icon landscape'>\n\t\t\t\t<a data-elementor-open-lightbox=\"yes\" data-elementor-lightbox-slideshow=\"5d503ef\" data-elementor-lightbox-title=\"IMG_9176\" data-e-action-hash=\"#elementor-action%3Aaction%3Dlightbox%26settings%3DeyJpZCI6NDQ1LCJ1cmwiOiJodHRwczpcL1wvZmRwLWd1bmRlbGZpbmdlbi1kb25hdS5kZVwvd3AtY29udGVudFwvdXBsb2Fkc1wvMjAyMlwvMTBcL0lNR185MTc2LmpwZyIsInNsaWRlc2hvdyI6IjVkNTAzZWYifQ%3D%3D\" href='https:\/\/fdp-gundelfingen-donau.de\/wp-content\/uploads\/2022\/10\/IMG_9176.jpg'><img loading=\"lazy\" decoding=\"async\" width=\"150\" height=\"150\" src=\"https:\/\/fdp-gundelfingen-donau.de\/wp-content\/uploads\/2022\/10\/IMG_9176-150x150.jpg\" class=\"attachment-thumbnail size-thumbnail\" alt=\"\" \/><\/a>\n\t\t\t<\/div><\/figure><figure class='gallery-item'>\n\t\t\t<div class='gallery-icon landscape'>\n\t\t\t\t<a data-elementor-open-lightbox=\"yes\" data-elementor-lightbox-slideshow=\"5d503ef\" data-elementor-lightbox-title=\"IMG_9204\" data-e-action-hash=\"#elementor-action%3Aaction%3Dlightbox%26settings%3DeyJpZCI6NDQ2LCJ1cmwiOiJodHRwczpcL1wvZmRwLWd1bmRlbGZpbmdlbi1kb25hdS5kZVwvd3AtY29udGVudFwvdXBsb2Fkc1wvMjAyMlwvMTBcL0lNR185MjA0LmpwZyIsInNsaWRlc2hvdyI6IjVkNTAzZWYifQ%3D%3D\" href='https:\/\/fdp-gundelfingen-donau.de\/wp-content\/uploads\/2022\/10\/IMG_9204.jpg'><img loading=\"lazy\" decoding=\"async\" width=\"150\" height=\"150\" src=\"https:\/\/fdp-gundelfingen-donau.de\/wp-content\/uploads\/2022\/10\/IMG_9204-150x150.jpg\" class=\"attachment-thumbnail size-thumbnail\" alt=\"\" \/><\/a>\n\t\t\t<\/div><\/figure><figure class='gallery-item'>\n\t\t\t<div class='gallery-icon portrait'>\n\t\t\t\t<a data-elementor-open-lightbox=\"yes\" data-elementor-lightbox-slideshow=\"5d503ef\" data-elementor-lightbox-title=\"IMG_9207\" data-e-action-hash=\"#elementor-action%3Aaction%3Dlightbox%26settings%3DeyJpZCI6NDQ3LCJ1cmwiOiJodHRwczpcL1wvZmRwLWd1bmRlbGZpbmdlbi1kb25hdS5kZVwvd3AtY29udGVudFwvdXBsb2Fkc1wvMjAyMlwvMTBcL0lNR185MjA3LmpwZyIsInNsaWRlc2hvdyI6IjVkNTAzZWYifQ%3D%3D\" href='https:\/\/fdp-gundelfingen-donau.de\/wp-content\/uploads\/2022\/10\/IMG_9207.jpg'><img loading=\"lazy\" decoding=\"async\" width=\"150\" height=\"150\" src=\"https:\/\/fdp-gundelfingen-donau.de\/wp-content\/uploads\/2022\/10\/IMG_9207-150x150.jpg\" class=\"attachment-thumbnail size-thumbnail\" alt=\"\" \/><\/a>\n\t\t\t<\/div><\/figure><figure class='gallery-item'>\n\t\t\t<div class='gallery-icon portrait'>\n\t\t\t\t<a data-elementor-open-lightbox=\"yes\" data-elementor-lightbox-slideshow=\"5d503ef\" data-elementor-lightbox-title=\"IMG_9210\" data-e-action-hash=\"#elementor-action%3Aaction%3Dlightbox%26settings%3DeyJpZCI6NDQ4LCJ1cmwiOiJodHRwczpcL1wvZmRwLWd1bmRlbGZpbmdlbi1kb25hdS5kZVwvd3AtY29udGVudFwvdXBsb2Fkc1wvMjAyMlwvMTBcL0lNR185MjEwLmpwZyIsInNsaWRlc2hvdyI6IjVkNTAzZWYifQ%3D%3D\" href='https:\/\/fdp-gundelfingen-donau.de\/wp-content\/uploads\/2022\/10\/IMG_9210.jpg'><img loading=\"lazy\" decoding=\"async\" width=\"150\" height=\"150\" src=\"https:\/\/fdp-gundelfingen-donau.de\/wp-content\/uploads\/2022\/10\/IMG_9210-150x150.jpg\" class=\"attachment-thumbnail size-thumbnail\" alt=\"\" \/><\/a>\n\t\t\t<\/div><\/figure><figure class='gallery-item'>\n\t\t\t<div class='gallery-icon portrait'>\n\t\t\t\t<a data-elementor-open-lightbox=\"yes\" data-elementor-lightbox-slideshow=\"5d503ef\" data-elementor-lightbox-title=\"IMG_9216\" data-e-action-hash=\"#elementor-action%3Aaction%3Dlightbox%26settings%3DeyJpZCI6NDQ5LCJ1cmwiOiJodHRwczpcL1wvZmRwLWd1bmRlbGZpbmdlbi1kb25hdS5kZVwvd3AtY29udGVudFwvdXBsb2Fkc1wvMjAyMlwvMTBcL0lNR185MjE2LmpwZyIsInNsaWRlc2hvdyI6IjVkNTAzZWYifQ%3D%3D\" href='https:\/\/fdp-gundelfingen-donau.de\/wp-content\/uploads\/2022\/10\/IMG_9216.jpg'><img loading=\"lazy\" decoding=\"async\" width=\"150\" height=\"150\" src=\"https:\/\/fdp-gundelfingen-donau.de\/wp-content\/uploads\/2022\/10\/IMG_9216-150x150.jpg\" class=\"attachment-thumbnail size-thumbnail\" alt=\"\" \/><\/a>\n\t\t\t<\/div><\/figure><figure class='gallery-item'>\n\t\t\t<div class='gallery-icon portrait'>\n\t\t\t\t<a data-elementor-open-lightbox=\"yes\" data-elementor-lightbox-slideshow=\"5d503ef\" data-elementor-lightbox-title=\"IMG_9222\" data-e-action-hash=\"#elementor-action%3Aaction%3Dlightbox%26settings%3DeyJpZCI6NDUwLCJ1cmwiOiJodHRwczpcL1wvZmRwLWd1bmRlbGZpbmdlbi1kb25hdS5kZVwvd3AtY29udGVudFwvdXBsb2Fkc1wvMjAyMlwvMTBcL0lNR185MjIyLmpwZyIsInNsaWRlc2hvdyI6IjVkNTAzZWYifQ%3D%3D\" href='https:\/\/fdp-gundelfingen-donau.de\/wp-content\/uploads\/2022\/10\/IMG_9222.jpg'><img loading=\"lazy\" decoding=\"async\" width=\"150\" height=\"150\" src=\"https:\/\/fdp-gundelfingen-donau.de\/wp-content\/uploads\/2022\/10\/IMG_9222-150x150.jpg\" class=\"attachment-thumbnail size-thumbnail\" alt=\"\" \/><\/a>\n\t\t\t<\/div><\/figure><figure class='gallery-item'>\n\t\t\t<div class='gallery-icon portrait'>\n\t\t\t\t<a data-elementor-open-lightbox=\"yes\" data-elementor-lightbox-slideshow=\"5d503ef\" data-elementor-lightbox-title=\"IMG_9257\" data-e-action-hash=\"#elementor-action%3Aaction%3Dlightbox%26settings%3DeyJpZCI6NDUyLCJ1cmwiOiJodHRwczpcL1wvZmRwLWd1bmRlbGZpbmdlbi1kb25hdS5kZVwvd3AtY29udGVudFwvdXBsb2Fkc1wvMjAyMlwvMTBcL0lNR185MjU3LmpwZyIsInNsaWRlc2hvdyI6IjVkNTAzZWYifQ%3D%3D\" href='https:\/\/fdp-gundelfingen-donau.de\/wp-content\/uploads\/2022\/10\/IMG_9257.jpg'><img loading=\"lazy\" decoding=\"async\" width=\"150\" height=\"150\" src=\"https:\/\/fdp-gundelfingen-donau.de\/wp-content\/uploads\/2022\/10\/IMG_9257-150x150.jpg\" class=\"attachment-thumbnail size-thumbnail\" alt=\"\" \/><\/a>\n\t\t\t<\/div><\/figure><figure class='gallery-item'>\n\t\t\t<div class='gallery-icon landscape'>\n\t\t\t\t<a data-elementor-open-lightbox=\"yes\" data-elementor-lightbox-slideshow=\"5d503ef\" data-elementor-lightbox-title=\"IMG_9272\" data-e-action-hash=\"#elementor-action%3Aaction%3Dlightbox%26settings%3DeyJpZCI6NDUzLCJ1cmwiOiJodHRwczpcL1wvZmRwLWd1bmRlbGZpbmdlbi1kb25hdS5kZVwvd3AtY29udGVudFwvdXBsb2Fkc1wvMjAyMlwvMTBcL0lNR185MjcyLmpwZyIsInNsaWRlc2hvdyI6IjVkNTAzZWYifQ%3D%3D\" href='https:\/\/fdp-gundelfingen-donau.de\/wp-content\/uploads\/2022\/10\/IMG_9272.jpg'><img loading=\"lazy\" decoding=\"async\" width=\"150\" height=\"150\" src=\"https:\/\/fdp-gundelfingen-donau.de\/wp-content\/uploads\/2022\/10\/IMG_9272-150x150.jpg\" class=\"attachment-thumbnail size-thumbnail\" alt=\"\" \/><\/a>\n\t\t\t<\/div><\/figure><figure class='gallery-item'>\n\t\t\t<div class='gallery-icon landscape'>\n\t\t\t\t<a data-elementor-open-lightbox=\"yes\" data-elementor-lightbox-slideshow=\"5d503ef\" data-elementor-lightbox-title=\"IMG_9325\" data-e-action-hash=\"#elementor-action%3Aaction%3Dlightbox%26settings%3DeyJpZCI6NDU0LCJ1cmwiOiJodHRwczpcL1wvZmRwLWd1bmRlbGZpbmdlbi1kb25hdS5kZVwvd3AtY29udGVudFwvdXBsb2Fkc1wvMjAyMlwvMTBcL0lNR185MzI1LmpwZyIsInNsaWRlc2hvdyI6IjVkNTAzZWYifQ%3D%3D\" href='https:\/\/fdp-gundelfingen-donau.de\/wp-content\/uploads\/2022\/10\/IMG_9325.jpg'><img loading=\"lazy\" decoding=\"async\" width=\"150\" height=\"150\" src=\"https:\/\/fdp-gundelfingen-donau.de\/wp-content\/uploads\/2022\/10\/IMG_9325-150x150.jpg\" class=\"attachment-thumbnail size-thumbnail\" alt=\"\" \/><\/a>\n\t\t\t<\/div><\/figure><figure class='gallery-item'>\n\t\t\t<div class='gallery-icon portrait'>\n\t\t\t\t<a data-elementor-open-lightbox=\"yes\" data-elementor-lightbox-slideshow=\"5d503ef\" data-elementor-lightbox-title=\"IMG_9120\" data-e-action-hash=\"#elementor-action%3Aaction%3Dlightbox%26settings%3DeyJpZCI6NDU4LCJ1cmwiOiJodHRwczpcL1wvZmRwLWd1bmRlbGZpbmdlbi1kb25hdS5kZVwvd3AtY29udGVudFwvdXBsb2Fkc1wvMjAyMlwvMTBcL0lNR185MTIwLmpwZyIsInNsaWRlc2hvdyI6IjVkNTAzZWYifQ%3D%3D\" href='https:\/\/fdp-gundelfingen-donau.de\/wp-content\/uploads\/2022\/10\/IMG_9120.jpg'><img loading=\"lazy\" decoding=\"async\" width=\"150\" height=\"150\" src=\"https:\/\/fdp-gundelfingen-donau.de\/wp-content\/uploads\/2022\/10\/IMG_9120-150x150.jpg\" class=\"attachment-thumbnail size-thumbnail\" alt=\"\" \/><\/a>\n\t\t\t<\/div><\/figure><figure class='gallery-item'>\n\t\t\t<div class='gallery-icon landscape'>\n\t\t\t\t<a data-elementor-open-lightbox=\"yes\" data-elementor-lightbox-slideshow=\"5d503ef\" data-elementor-lightbox-title=\"IMG_9131\" data-e-action-hash=\"#elementor-action%3Aaction%3Dlightbox%26settings%3DeyJpZCI6NDU5LCJ1cmwiOiJodHRwczpcL1wvZmRwLWd1bmRlbGZpbmdlbi1kb25hdS5kZVwvd3AtY29udGVudFwvdXBsb2Fkc1wvMjAyMlwvMTBcL0lNR185MTMxLmpwZyIsInNsaWRlc2hvdyI6IjVkNTAzZWYifQ%3D%3D\" href='https:\/\/fdp-gundelfingen-donau.de\/wp-content\/uploads\/2022\/10\/IMG_9131.jpg'><img loading=\"lazy\" decoding=\"async\" width=\"150\" height=\"150\" src=\"https:\/\/fdp-gundelfingen-donau.de\/wp-content\/uploads\/2022\/10\/IMG_9131-150x150.jpg\" class=\"attachment-thumbnail size-thumbnail\" alt=\"\" \/><\/a>\n\t\t\t<\/div><\/figure>\n\t\t<\/div>\n\t\t<\/div>\n\t\t\t\t\t\t<\/div>\n\t\t\t\t<\/div>\n\t\t\t\t\t<\/div>\n\t\t<\/div>\n\t\t\t\t\t<\/div>\n\t\t<\/section>\n\t\t\t\t<section class=\"elementor-section elementor-top-section elementor-element elementor-element-a297412 elementor-section-boxed elementor-section-height-default elementor-section-height-default\" data-id=\"a297412\" data-element_type=\"section\">\n\t\t\t\t\t\t<div class=\"elementor-container elementor-column-gap-default\">\n\t\t\t\t\t<div class=\"elementor-column elementor-col-100 elementor-top-column elementor-element elementor-element-85f80de\" data-id=\"85f80de\" data-element_type=\"column\" data-settings=\"{&quot;background_background&quot;:&quot;classic&quot;}\">\n\t\t\t<div class=\"elementor-widget-wrap elementor-element-populated\">\n\t\t\t\t\t\t<div class=\"elementor-element elementor-element-51c1d55 elementor-widget elementor-widget-image\" data-id=\"51c1d55\" data-element_type=\"widget\" data-widget_type=\"image.default\">\n\t\t\t\t<div class=\"elementor-widget-container\">\n\t\t\t\t\t\t\t\t\t\t\t\t\t\t\t<img decoding=\"async\" src=\"https:\/\/fdp-gundelfingen-donau.de\/wp-content\/uploads\/elementor\/thumbs\/neuwahlen2022-pnu1j0cv4eetd4ie6dv1ccs2p7eqyy9xa6jx9tke5c.jpg\" title=\"neuwahlen2022\" alt=\"neuwahlen2022\" loading=\"lazy\" \/>\t\t\t\t\t\t\t\t\t\t\t\t\t\t\t<\/div>\n\t\t\t\t<\/div>\n\t\t\t\t<div class=\"elementor-element elementor-element-cd8963f elementor-widget elementor-widget-heading\" data-id=\"cd8963f\" data-element_type=\"widget\" data-widget_type=\"heading.default\">\n\t\t\t\t<div class=\"elementor-widget-container\">\n\t\t\t\t\t<h3 class=\"elementor-heading-title elementor-size-default\">Manfred J\u00fcttner f\u00fchrt jetzt den Ortsverband der Liberalen in Gundelfingen <\/h3>\t\t\t\t<\/div>\n\t\t\t\t<\/div>\n\t\t\t\t<div class=\"elementor-element elementor-element-316b136 elementor-widget elementor-widget-text-editor\" data-id=\"316b136\" data-element_type=\"widget\" data-widget_type=\"text-editor.default\">\n\t\t\t\t<div class=\"elementor-widget-container\">\n\t\t\t\t\t\t\t\t\t<p class=\"p2\" style=\"margin: 0cm;\"><span class=\"s2\"><span style=\"font-size: 12.0pt; color: black;\">J\u00fcttner und die gesamte Vorstandschaft der FDP wurden unter dem Wahlausschussvorsitzenden Alois J\u00e4ger im Hotel-Gasthof Sonne in Echenbrunn in geheimer Abstimmung gew\u00e4hlt. Zuvor erhoben sich die Anwesenden Mitglieder zum Totengedenken an den so unerwartet verstorbenen bisherigen Vorsitzenden Tobias Walter. <br \/><\/span><\/span><\/p><p class=\"p2\" style=\"margin: 0cm;\"><span class=\"s2\"><span style=\"font-size: 12.0pt; color: black;\">\u00a0<\/span><\/span><\/p><p class=\"p2\" style=\"margin: 0cm; font-stretch: normal; -webkit-text-size-adjust: auto;\"><span class=\"s2\"><span style=\"font-size: 12.0pt; color: black;\">Der kommissarische Ortsvorsitzende Walter Lohner lie\u00df diverse Ereignisse Revue passieren und dankte den bisherigen Amtstr\u00e4gerinnen und Amtstr\u00e4gern f\u00fcr deren Einsatz. <br \/><\/span><\/span><\/p><p class=\"p2\" style=\"margin: 0cm; font-stretch: normal; -webkit-text-size-adjust: auto;\"><span class=\"s2\"><span style=\"font-size: 12.0pt; color: black;\">\u00a0<\/span><\/span><\/p><p class=\"p2\" style=\"margin: 0cm; font-stretch: normal; -webkit-text-size-adjust: auto;\"><span class=\"s2\"><span style=\"font-size: 12.0pt; color: black;\">Die Geschlossenheit der Gundelfinger Liberalen werde n\u00f6tig sein, so Lohner, \u201eweil Miriam Gru\u00df n\u00e4chstes Jahr zur Wiederwahl ansteht\u201c; auch die Landtagswahl werde alle Kr\u00e4fte abverlangen. Kreisvorsitzender J\u00e4ger lobte den Gundelfinger Ortverband und bat, in den Anstrengungen nicht nachzulassen. \u201eWir brauchen euch!\u201c Bezirksrat J\u00e4ger versprach dar\u00fcber hinaus, in der Lauinger Gesch\u00e4ftsstelle der FDP, zusammen mit allen Liberalen im Landkreis in fachlich organisierten Sprechstunden, die Anliegen der B\u00fcrgerinnen und B\u00fcrger einer L\u00f6sung zuf\u00fchren zu wollen. Abschlie\u00dfend bedankte sich Manfred J\u00fcttner und versicherte, er werde sein Bestes geben, \u201edenn die liberale Stimme muss zu h\u00f6ren sein\u201c. <\/span><\/span><\/p>\t\t\t\t\t\t\t\t<\/div>\n\t\t\t\t<\/div>\n\t\t\t\t\t<\/div>\n\t\t<\/div>\n\t\t\t\t\t<\/div>\n\t\t<\/section>\n\t\t\t\t<\/div>\n\t\t","protected":false},"excerpt":{"rendered":"<p>Ortsverband FDP Gundelfingen feiert 15-j\u00e4hriges Jubil\u00e4um Landesvorsitzender Martin Hagen fordert wegen Energiekrise AKW-Laufzeiten \u00fcber 2023 hinaus \u2013 Schw\u00e4bische Liberale feierten Jubil\u00e4um des Gundelfinger Ortsvereins \u201eWir&hellip;<\/p>\n","protected":false},"author":12,"featured_media":0,"parent":0,"menu_order":0,"comment_status":"closed","ping_status":"closed","template":"","meta":{"footnotes":""},"_links":{"self":[{"href":"https:\/\/fdp-gundelfingen-donau.de\/index.php\/wp-json\/wp\/v2\/pages\/419"}],"collection":[{"href":"https:\/\/fdp-gundelfingen-donau.de\/index.php\/wp-json\/wp\/v2\/pages"}],"about":[{"href":"https:\/\/fdp-gundelfingen-donau.de\/index.php\/wp-json\/wp\/v2\/types\/page"}],"author":[{"embeddable":true,"href":"https:\/\/fdp-gundelfingen-donau.de\/index.php\/wp-json\/wp\/v2\/users\/12"}],"replies":[{"embeddable":true,"href":"https:\/\/fdp-gundelfingen-donau.de\/index.php\/wp-json\/wp\/v2\/comments?post=419"}],"version-history":[{"count":19,"href":"https:\/\/fdp-gundelfingen-donau.de\/index.php\/wp-json\/wp\/v2\/pages\/419\/revisions"}],"predecessor-version":[{"id":468,"href":"https:\/\/fdp-gundelfingen-donau.de\/index.php\/wp-json\/wp\/v2\/pages\/419\/revisions\/468"}],"wp:attachment":[{"href":"https:\/\/fdp-gundelfingen-donau.de\/index.php\/wp-json\/wp\/v2\/media?parent=419"}],"curies":[{"name":"wp","href":"https:\/\/api.w.org\/{rel}","templated":true}]}}